{"id":104,"date":"2022-02-14T15:06:41","date_gmt":"2022-02-14T14:06:41","guid":{"rendered":"https:\/\/sklep-demo.zse-2.krakow.pl\/?post_type=product&#038;p=104"},"modified":"2022-02-14T15:11:58","modified_gmt":"2022-02-14T14:11:58","slug":"zolta-poduszka-grafika-serca-bartosik","status":"publish","type":"product","link":"https:\/\/sklep-demo.zse-2.krakow.pl\/index.php\/produkt\/zolta-poduszka-grafika-serca-bartosik\/","title":{"rendered":"\u017b\u00f3\u0142ta poduszka &#8211; grafika serca Bartosik"},"content":{"rendered":"<p>Ozdobna poduszka do codziennego u\u017cytku, \u015bwietna ozdoba do salonu. Idealna na prezent.<\/p>\n<p>https:\/\/pixabay.com\/pl\/photos\/pomara%c5%84czowy-serce-kszta%c5%82towa%c4%87-si%c4%99-4742464\/<\/p>\n","protected":false},"excerpt":{"rendered":"<p>Ozdobna poduszka do codziennego u\u017cytku, \u015bwietna ozdoba do salonu. Idealna na prezent. https:\/\/pixabay.com\/pl\/photos\/pomara%c5%84czowy-serce-kszta%c5%82towa%c4%87-si%c4%99-4742464\/<\/p>\n","protected":false},"featured_media":119,"comment_status":"open","ping_status":"closed","template":"","meta":[],"product_brand":[],"product_cat":[31],"product_tag":[],"class_list":{"0":"post-104","1":"product","2":"type-product","3":"status-publish","4":"has-post-thumbnail","6":"product_cat-rzeczy-domowe","8":"first","9":"instock","10":"shipping-taxable","11":"purchasable","12":"product-type-simple"},"_links":{"self":[{"href":"https:\/\/sklep-demo.zse-2.krakow.pl\/index.php\/wp-json\/wp\/v2\/product\/104","targetHints":{"allow":["GET"]}}],"collection":[{"href":"https:\/\/sklep-demo.zse-2.krakow.pl\/index.php\/wp-json\/wp\/v2\/product"}],"about":[{"href":"https:\/\/sklep-demo.zse-2.krakow.pl\/index.php\/wp-json\/wp\/v2\/types\/product"}],"replies":[{"embeddable":true,"href":"https:\/\/sklep-demo.zse-2.krakow.pl\/index.php\/wp-json\/wp\/v2\/comments?post=104"}],"wp:featuredmedia":[{"embeddable":true,"href":"https:\/\/sklep-demo.zse-2.krakow.pl\/index.php\/wp-json\/wp\/v2\/media\/119"}],"wp:attachment":[{"href":"https:\/\/sklep-demo.zse-2.krakow.pl\/index.php\/wp-json\/wp\/v2\/media?parent=104"}],"wp:term":[{"taxonomy":"product_brand","embeddable":true,"href":"https:\/\/sklep-demo.zse-2.krakow.pl\/index.php\/wp-json\/wp\/v2\/product_brand?post=104"},{"taxonomy":"product_cat","embeddable":true,"href":"https:\/\/sklep-demo.zse-2.krakow.pl\/index.php\/wp-json\/wp\/v2\/product_cat?post=104"},{"taxonomy":"product_tag","embeddable":true,"href":"https:\/\/sklep-demo.zse-2.krakow.pl\/index.php\/wp-json\/wp\/v2\/product_tag?post=104"}],"curies":[{"name":"wp","href":"https:\/\/api.w.org\/{rel}","templated":true}]}}