{"id":107,"date":"2022-02-14T14:55:53","date_gmt":"2022-02-14T13:55:53","guid":{"rendered":"https:\/\/sklep-demo.zse-2.krakow.pl\/?post_type=product&#038;p=107"},"modified":"2022-02-14T14:57:20","modified_gmt":"2022-02-14T13:57:20","slug":"glosnik-multimedialny-s-s","status":"publish","type":"product","link":"https:\/\/sklep-demo.zse-2.krakow.pl\/index.php\/produkt\/glosnik-multimedialny-s-s\/","title":{"rendered":"G\u0142o\u015bnik multimedialny S.S."},"content":{"rendered":"<p>Mamy do zaoferowania \u015bwietnie graj\u0105cy dono\u015bny g\u0142o\u015bnik bezprzewodowy. Produkt przeszed\u0142 szereg test\u00f3w jako\u015bciowych, wi\u0119c wykonanie jest na najwy\u017cszym poziomie. Urz\u0105dzenie jest bardzo kompaktowe, \u0142\u0105czy si\u0119 z dowolnym urz\u0105dzeniem obs\u0142uguj\u0105cym technologi\u0119 bluetooth 5.0. W zestawie do\u0142\u0105czony jest pasek umo\u017cliwiaj\u0105cy np. powieszenie g\u0142o\u015bnika na nadgarstku.<\/p>\n","protected":false},"excerpt":{"rendered":"<p>G\u0142o\u015bnik bezprzewodowy bluetooth. Jest kompaktowy oraz dono\u015bny.<\/p>\n<p>Szymon S\u0142omian 3H<\/p>\n","protected":false},"featured_media":108,"comment_status":"open","ping_status":"closed","template":"","meta":[],"product_brand":[],"product_cat":[29,30],"product_tag":[],"class_list":{"0":"post-107","1":"product","2":"type-product","3":"status-publish","4":"has-post-thumbnail","6":"product_cat-elektronika","7":"product_cat-multimeia","9":"first","10":"instock","11":"shipping-taxable","12":"purchasable","13":"product-type-simple"},"_links":{"self":[{"href":"https:\/\/sklep-demo.zse-2.krakow.pl\/index.php\/wp-json\/wp\/v2\/product\/107","targetHints":{"allow":["GET"]}}],"collection":[{"href":"https:\/\/sklep-demo.zse-2.krakow.pl\/index.php\/wp-json\/wp\/v2\/product"}],"about":[{"href":"https:\/\/sklep-demo.zse-2.krakow.pl\/index.php\/wp-json\/wp\/v2\/types\/product"}],"replies":[{"embeddable":true,"href":"https:\/\/sklep-demo.zse-2.krakow.pl\/index.php\/wp-json\/wp\/v2\/comments?post=107"}],"wp:featuredmedia":[{"embeddable":true,"href":"https:\/\/sklep-demo.zse-2.krakow.pl\/index.php\/wp-json\/wp\/v2\/media\/108"}],"wp:attachment":[{"href":"https:\/\/sklep-demo.zse-2.krakow.pl\/index.php\/wp-json\/wp\/v2\/media?parent=107"}],"wp:term":[{"taxonomy":"product_brand","embeddable":true,"href":"https:\/\/sklep-demo.zse-2.krakow.pl\/index.php\/wp-json\/wp\/v2\/product_brand?post=107"},{"taxonomy":"product_cat","embeddable":true,"href":"https:\/\/sklep-demo.zse-2.krakow.pl\/index.php\/wp-json\/wp\/v2\/product_cat?post=107"},{"taxonomy":"product_tag","embeddable":true,"href":"https:\/\/sklep-demo.zse-2.krakow.pl\/index.php\/wp-json\/wp\/v2\/product_tag?post=107"}],"curies":[{"name":"wp","href":"https:\/\/api.w.org\/{rel}","templated":true}]}}