{"id":110,"date":"2022-02-14T15:04:05","date_gmt":"2022-02-14T14:04:05","guid":{"rendered":"https:\/\/sklep-demo.zse-2.krakow.pl\/?post_type=product&#038;p=110"},"modified":"2022-02-14T15:04:06","modified_gmt":"2022-02-14T14:04:06","slug":"zloty-zegarek-kieszonkowy-dc","status":"publish","type":"product","link":"https:\/\/sklep-demo.zse-2.krakow.pl\/index.php\/produkt\/zloty-zegarek-kieszonkowy-dc\/","title":{"rendered":"Z\u0142oty zegarek kieszonkowy DC"},"content":{"rendered":"<p>Z\u0142oty zegarek kieszonkowy jest to idealny prezent na urodziny lub inne okazje. Stworzony jest z najwy\u017cszej jako\u015bci materia\u0142\u00f3w. Dodatkowo jest elegancki i ponadczasowy.<\/p>\n<p>https:\/\/www.pexels.com\/pl-pl\/zdjecie\/zblizenie-zegarek-na-czarnym-tle-325845\/<\/p>\n<p>Dorian Czech<\/p>\n","protected":false},"excerpt":{"rendered":"<p>Z\u0142oty zegarek kieszonkowy jest to idealny prezent na urodziny lub inne okazje<\/p>\n","protected":false},"featured_media":118,"comment_status":"open","ping_status":"closed","template":"","meta":[],"product_brand":[],"product_cat":[27],"product_tag":[],"class_list":{"0":"post-110","1":"product","2":"type-product","3":"status-publish","4":"has-post-thumbnail","6":"product_cat-zegarki","8":"first","9":"instock","10":"shipping-taxable","11":"purchasable","12":"product-type-simple"},"_links":{"self":[{"href":"https:\/\/sklep-demo.zse-2.krakow.pl\/index.php\/wp-json\/wp\/v2\/product\/110","targetHints":{"allow":["GET"]}}],"collection":[{"href":"https:\/\/sklep-demo.zse-2.krakow.pl\/index.php\/wp-json\/wp\/v2\/product"}],"about":[{"href":"https:\/\/sklep-demo.zse-2.krakow.pl\/index.php\/wp-json\/wp\/v2\/types\/product"}],"replies":[{"embeddable":true,"href":"https:\/\/sklep-demo.zse-2.krakow.pl\/index.php\/wp-json\/wp\/v2\/comments?post=110"}],"wp:featuredmedia":[{"embeddable":true,"href":"https:\/\/sklep-demo.zse-2.krakow.pl\/index.php\/wp-json\/wp\/v2\/media\/118"}],"wp:attachment":[{"href":"https:\/\/sklep-demo.zse-2.krakow.pl\/index.php\/wp-json\/wp\/v2\/media?parent=110"}],"wp:term":[{"taxonomy":"product_brand","embeddable":true,"href":"https:\/\/sklep-demo.zse-2.krakow.pl\/index.php\/wp-json\/wp\/v2\/product_brand?post=110"},{"taxonomy":"product_cat","embeddable":true,"href":"https:\/\/sklep-demo.zse-2.krakow.pl\/index.php\/wp-json\/wp\/v2\/product_cat?post=110"},{"taxonomy":"product_tag","embeddable":true,"href":"https:\/\/sklep-demo.zse-2.krakow.pl\/index.php\/wp-json\/wp\/v2\/product_tag?post=110"}],"curies":[{"name":"wp","href":"https:\/\/api.w.org\/{rel}","templated":true}]}}