{"id":151,"date":"2022-02-18T09:32:33","date_gmt":"2022-02-18T08:32:33","guid":{"rendered":"https:\/\/sklep-demo.zse-2.krakow.pl\/?post_type=product&#038;p=151"},"modified":"2022-02-25T09:09:07","modified_gmt":"2022-02-25T08:09:07","slug":"jadeitowy-roller-do-twarzy-da","status":"publish","type":"product","link":"https:\/\/sklep-demo.zse-2.krakow.pl\/index.php\/produkt\/jadeitowy-roller-do-twarzy-da\/","title":{"rendered":"Jadeitowy Roller do twarzy Dagmara Abramczyk"},"content":{"rendered":"<p>Roller do twarzy firmy JADEL<br \/>\nMa poprawia\u0107 kr\u0105\u017cenie krwi, zmniejsza opuchlizn\u0119 oraz zw\u0119\u017ca pory.<br \/>\nhttps:\/\/www.pexels.com\/pl-pl\/zdjecie\/obraczka-zlota-na-bialej-tkaninie-3737594\/<\/p>\n","protected":false},"excerpt":{"rendered":"<p>Jest z kwarcu.<br \/>\nMo\u017cna zakupi\u0107 w r\u00f3\u017cnych kolorach.<\/p>\n","protected":false},"featured_media":153,"comment_status":"open","ping_status":"closed","template":"","meta":[],"product_brand":[],"product_cat":[20],"product_tag":[],"class_list":{"0":"post-151","1":"product","2":"type-product","3":"status-publish","4":"has-post-thumbnail","6":"product_cat-kosmetyki","8":"first","9":"instock","10":"shipping-taxable","11":"purchasable","12":"product-type-simple"},"_links":{"self":[{"href":"https:\/\/sklep-demo.zse-2.krakow.pl\/index.php\/wp-json\/wp\/v2\/product\/151","targetHints":{"allow":["GET"]}}],"collection":[{"href":"https:\/\/sklep-demo.zse-2.krakow.pl\/index.php\/wp-json\/wp\/v2\/product"}],"about":[{"href":"https:\/\/sklep-demo.zse-2.krakow.pl\/index.php\/wp-json\/wp\/v2\/types\/product"}],"replies":[{"embeddable":true,"href":"https:\/\/sklep-demo.zse-2.krakow.pl\/index.php\/wp-json\/wp\/v2\/comments?post=151"}],"wp:featuredmedia":[{"embeddable":true,"href":"https:\/\/sklep-demo.zse-2.krakow.pl\/index.php\/wp-json\/wp\/v2\/media\/153"}],"wp:attachment":[{"href":"https:\/\/sklep-demo.zse-2.krakow.pl\/index.php\/wp-json\/wp\/v2\/media?parent=151"}],"wp:term":[{"taxonomy":"product_brand","embeddable":true,"href":"https:\/\/sklep-demo.zse-2.krakow.pl\/index.php\/wp-json\/wp\/v2\/product_brand?post=151"},{"taxonomy":"product_cat","embeddable":true,"href":"https:\/\/sklep-demo.zse-2.krakow.pl\/index.php\/wp-json\/wp\/v2\/product_cat?post=151"},{"taxonomy":"product_tag","embeddable":true,"href":"https:\/\/sklep-demo.zse-2.krakow.pl\/index.php\/wp-json\/wp\/v2\/product_tag?post=151"}],"curies":[{"name":"wp","href":"https:\/\/api.w.org\/{rel}","templated":true}]}}