{"id":187,"date":"2022-02-25T08:36:56","date_gmt":"2022-02-25T07:36:56","guid":{"rendered":"https:\/\/sklep-demo.zse-2.krakow.pl\/?post_type=product&#038;p=187"},"modified":"2022-02-25T09:07:23","modified_gmt":"2022-02-25T08:07:23","slug":"pierscionek","status":"publish","type":"product","link":"https:\/\/sklep-demo.zse-2.krakow.pl\/index.php\/produkt\/pierscionek\/","title":{"rendered":"Pier\u015bcionek-Maja Serafin"},"content":{"rendered":"<blockquote><p><img loading=\"lazy\" decoding=\"async\" class=\"alignnone size-medium wp-image-188\" src=\"https:\/\/sklep-demo.zse-2.krakow.pl\/wp-content\/uploads\/2022\/02\/20220225_083145-225x300.jpg\" alt=\"R\u00f3\u017cowy pier\u015bcionek z motylem\" width=\"225\" height=\"300\" srcset=\"https:\/\/sklep-demo.zse-2.krakow.pl\/wp-content\/uploads\/2022\/02\/20220225_083145-225x300.jpg 225w, https:\/\/sklep-demo.zse-2.krakow.pl\/wp-content\/uploads\/2022\/02\/20220225_083145-768x1024.jpg 768w, https:\/\/sklep-demo.zse-2.krakow.pl\/wp-content\/uploads\/2022\/02\/20220225_083145-1152x1536.jpg 1152w, https:\/\/sklep-demo.zse-2.krakow.pl\/wp-content\/uploads\/2022\/02\/20220225_083145-1536x2048.jpg 1536w, https:\/\/sklep-demo.zse-2.krakow.pl\/wp-content\/uploads\/2022\/02\/20220225_083145-416x555.jpg 416w, https:\/\/sklep-demo.zse-2.krakow.pl\/wp-content\/uploads\/2022\/02\/20220225_083145-scaled.jpg 1920w\" sizes=\"auto, (max-width: 225px) 100vw, 225px\" \/><\/p><\/blockquote>\n","protected":false},"excerpt":{"rendered":"","protected":false},"featured_media":188,"comment_status":"open","ping_status":"closed","template":"","meta":[],"product_brand":[],"product_cat":[35],"product_tag":[36],"class_list":{"0":"post-187","1":"product","2":"type-product","3":"status-publish","4":"has-post-thumbnail","6":"product_cat-bizuteria","7":"product_tag-pierscionek-roz-bizuteria","9":"first","10":"instock","11":"sale","12":"shipping-taxable","13":"purchasable","14":"product-type-simple"},"_links":{"self":[{"href":"https:\/\/sklep-demo.zse-2.krakow.pl\/index.php\/wp-json\/wp\/v2\/product\/187","targetHints":{"allow":["GET"]}}],"collection":[{"href":"https:\/\/sklep-demo.zse-2.krakow.pl\/index.php\/wp-json\/wp\/v2\/product"}],"about":[{"href":"https:\/\/sklep-demo.zse-2.krakow.pl\/index.php\/wp-json\/wp\/v2\/types\/product"}],"replies":[{"embeddable":true,"href":"https:\/\/sklep-demo.zse-2.krakow.pl\/index.php\/wp-json\/wp\/v2\/comments?post=187"}],"wp:featuredmedia":[{"embeddable":true,"href":"https:\/\/sklep-demo.zse-2.krakow.pl\/index.php\/wp-json\/wp\/v2\/media\/188"}],"wp:attachment":[{"href":"https:\/\/sklep-demo.zse-2.krakow.pl\/index.php\/wp-json\/wp\/v2\/media?parent=187"}],"wp:term":[{"taxonomy":"product_brand","embeddable":true,"href":"https:\/\/sklep-demo.zse-2.krakow.pl\/index.php\/wp-json\/wp\/v2\/product_brand?post=187"},{"taxonomy":"product_cat","embeddable":true,"href":"https:\/\/sklep-demo.zse-2.krakow.pl\/index.php\/wp-json\/wp\/v2\/product_cat?post=187"},{"taxonomy":"product_tag","embeddable":true,"href":"https:\/\/sklep-demo.zse-2.krakow.pl\/index.php\/wp-json\/wp\/v2\/product_tag?post=187"}],"curies":[{"name":"wp","href":"https:\/\/api.w.org\/{rel}","templated":true}]}}