{"id":203,"date":"2022-02-25T09:10:04","date_gmt":"2022-02-25T08:10:04","guid":{"rendered":"https:\/\/sklep-demo.zse-2.krakow.pl\/?post_type=product&#038;p=203"},"modified":"2022-02-25T09:10:05","modified_gmt":"2022-02-25T08:10:05","slug":"zegarek-damski-g-rossi-julie","status":"publish","type":"product","link":"https:\/\/sklep-demo.zse-2.krakow.pl\/index.php\/produkt\/zegarek-damski-g-rossi-julie\/","title":{"rendered":"Zegarek damski G. Rossi JULIE"},"content":{"rendered":"<p><img decoding=\"async\" src=\"https:\/\/www.alletime.pl\/galerie\/z\/zegarek-damski-gino-rossi-jul_21913.jpg\" alt=\"Zegarek damski G. Rossi JULIE 10401B-3D3\" \/><\/p>\n","protected":false},"excerpt":{"rendered":"<p>Zegarek damski G. Rossi model JULIE\u00a0 wyposa\u017cony zosta\u0142 w niezawodny japo\u0144ski mechanizm kwarcowy, kt\u00f3ry wsp\u00f3\u0142dzia\u0142aj\u0105c z bateri\u0105 zapewnia bardzo dok\u0142adne odmierzanie czasu. Stalowa koperta zegarka zosta\u0142a pokryta utwardzan\u0105, matow\u0105 pow\u0142ok\u0105 IPS\/IPG. Tarcza tego zegarka bardzo czytelna. Ca\u0142o\u015b\u0107 zamontowana zosta\u0142a stalowej, matowej na bransoletce typu siatka. Wodoszczelno\u015b\u0107 na poziomie 30m. (3ATM) gwarantuje, \u017ce nie trzeba obawia\u0107 si\u0119 drobnych zachlapa\u0144, nie jest to jednak zegarek wodoszczelny.<\/p>\n","protected":false},"featured_media":0,"comment_status":"open","ping_status":"closed","template":"","meta":[],"product_brand":[],"product_cat":[35],"product_tag":[],"class_list":{"0":"post-203","1":"product","2":"type-product","3":"status-publish","5":"product_cat-bizuteria","7":"first","8":"instock","9":"sale","10":"shipping-taxable","11":"purchasable","12":"product-type-simple"},"_links":{"self":[{"href":"https:\/\/sklep-demo.zse-2.krakow.pl\/index.php\/wp-json\/wp\/v2\/product\/203","targetHints":{"allow":["GET"]}}],"collection":[{"href":"https:\/\/sklep-demo.zse-2.krakow.pl\/index.php\/wp-json\/wp\/v2\/product"}],"about":[{"href":"https:\/\/sklep-demo.zse-2.krakow.pl\/index.php\/wp-json\/wp\/v2\/types\/product"}],"replies":[{"embeddable":true,"href":"https:\/\/sklep-demo.zse-2.krakow.pl\/index.php\/wp-json\/wp\/v2\/comments?post=203"}],"wp:attachment":[{"href":"https:\/\/sklep-demo.zse-2.krakow.pl\/index.php\/wp-json\/wp\/v2\/media?parent=203"}],"wp:term":[{"taxonomy":"product_brand","embeddable":true,"href":"https:\/\/sklep-demo.zse-2.krakow.pl\/index.php\/wp-json\/wp\/v2\/product_brand?post=203"},{"taxonomy":"product_cat","embeddable":true,"href":"https:\/\/sklep-demo.zse-2.krakow.pl\/index.php\/wp-json\/wp\/v2\/product_cat?post=203"},{"taxonomy":"product_tag","embeddable":true,"href":"https:\/\/sklep-demo.zse-2.krakow.pl\/index.php\/wp-json\/wp\/v2\/product_tag?post=203"}],"curies":[{"name":"wp","href":"https:\/\/api.w.org\/{rel}","templated":true}]}}