{"id":211,"date":"2022-02-25T09:18:30","date_gmt":"2022-02-25T08:18:30","guid":{"rendered":"https:\/\/sklep-demo.zse-2.krakow.pl\/?post_type=product&#038;p=211"},"modified":"2022-02-25T09:18:30","modified_gmt":"2022-02-25T08:18:30","slug":"huawei-watch-gt-2-natalia-pietruszka","status":"publish","type":"product","link":"https:\/\/sklep-demo.zse-2.krakow.pl\/index.php\/produkt\/huawei-watch-gt-2-natalia-pietruszka\/","title":{"rendered":"Huawei Watch GT 2 Natalia Pietruszka"},"content":{"rendered":"<p><img loading=\"lazy\" decoding=\"async\" class=\"\" src=\"https:\/\/mail.google.com\/mail\/u\/0?ui=2&amp;ik=25a75f7de2&amp;attid=0.3&amp;permmsgid=msg-f:1725722105624795527&amp;th=17f2ff1c9ece1987&amp;view=fimg&amp;fur=ip&amp;sz=s0-l75-ft&amp;attbid=ANGjdJ-1Dii03uMGvM-RchEjeKlIAlWRdoTqDVdriXKuOWQXzgKv502PKJj_zDYm9Nf6a9xcVJEQV4hQlx3C1yNCP2E4ZsHzHRsV1eBn-uiwU74gBN4tJl10uRpoj1k&amp;disp=emb&amp;realattid=17f2ff16abb7643fc332\" width=\"322\" height=\"430\" \/><\/p>\n","protected":false},"excerpt":{"rendered":"<p>Huawei Watch GT 2e Sport. Ekran: 1,39&#8243;. Czujnik \u015bwiat\u0142a, \u017cyroskop, akcelerometr, barometr, czujnik t\u0119tna System operacyjny: HarmonyOS Wymienne paski Czas pracy: do 14 dni Huawei Watch GT 2e Huawei Watch GT 2e 46 mm to smartwatch stworzony z my\u015bl\u0105 o osobach aktywnych. Minimalny design idealnie komponuje si\u0119 z ka\u017cdym outfitem. Bateria natomiast wytrzymuje 2 tygodnie na jednym \u0142adowaniu. Smartwatch ten jest wyposa\u017conych w a\u017c 100 tryb\u00f3w pracy i automatycznie rozpoznaje nasza aktywno\u015b\u0107 fizyczn\u0105.<\/p>\n","protected":false},"featured_media":215,"comment_status":"open","ping_status":"closed","template":"","meta":[],"product_brand":[],"product_cat":[35,29,27],"product_tag":[39],"class_list":{"0":"post-211","1":"product","2":"type-product","3":"status-publish","4":"has-post-thumbnail","6":"product_cat-bizuteria","7":"product_cat-elektronika","8":"product_cat-zegarki","9":"product_tag-zegarek-smartwatch","11":"first","12":"instock","13":"sale","14":"shipping-taxable","15":"purchasable","16":"product-type-simple"},"_links":{"self":[{"href":"https:\/\/sklep-demo.zse-2.krakow.pl\/index.php\/wp-json\/wp\/v2\/product\/211","targetHints":{"allow":["GET"]}}],"collection":[{"href":"https:\/\/sklep-demo.zse-2.krakow.pl\/index.php\/wp-json\/wp\/v2\/product"}],"about":[{"href":"https:\/\/sklep-demo.zse-2.krakow.pl\/index.php\/wp-json\/wp\/v2\/types\/product"}],"replies":[{"embeddable":true,"href":"https:\/\/sklep-demo.zse-2.krakow.pl\/index.php\/wp-json\/wp\/v2\/comments?post=211"}],"wp:featuredmedia":[{"embeddable":true,"href":"https:\/\/sklep-demo.zse-2.krakow.pl\/index.php\/wp-json\/wp\/v2\/media\/215"}],"wp:attachment":[{"href":"https:\/\/sklep-demo.zse-2.krakow.pl\/index.php\/wp-json\/wp\/v2\/media?parent=211"}],"wp:term":[{"taxonomy":"product_brand","embeddable":true,"href":"https:\/\/sklep-demo.zse-2.krakow.pl\/index.php\/wp-json\/wp\/v2\/product_brand?post=211"},{"taxonomy":"product_cat","embeddable":true,"href":"https:\/\/sklep-demo.zse-2.krakow.pl\/index.php\/wp-json\/wp\/v2\/product_cat?post=211"},{"taxonomy":"product_tag","embeddable":true,"href":"https:\/\/sklep-demo.zse-2.krakow.pl\/index.php\/wp-json\/wp\/v2\/product_tag?post=211"}],"curies":[{"name":"wp","href":"https:\/\/api.w.org\/{rel}","templated":true}]}}