{"id":217,"date":"2022-02-25T09:21:55","date_gmt":"2022-02-25T08:21:55","guid":{"rendered":"https:\/\/sklep-demo.zse-2.krakow.pl\/?post_type=product&#038;p=217"},"modified":"2022-02-25T09:21:56","modified_gmt":"2022-02-25T08:21:56","slug":"wrotki-bialo-czerwone-damskie-n-murzyn","status":"publish","type":"product","link":"https:\/\/sklep-demo.zse-2.krakow.pl\/index.php\/produkt\/wrotki-bialo-czerwone-damskie-n-murzyn\/","title":{"rendered":"Wrotki bia\u0142o czerwone damskie N.Murzyn"},"content":{"rendered":"<p>Damskie wrotki bia\u0142o czerwone, rozmiar 38-41 mo\u017cliwo\u015b\u0107 regulacja . Idealnie dopasowuj\u0105 si\u0119 do nogi, bardzo wygodne i przewiewne. N. Murzyn<\/p>\n","protected":false},"excerpt":{"rendered":"<p>Damskie wrotki bia\u0142o czerwone, rozmiar 38-41 mo\u017cliwo\u015b\u0107 regulacja . Idealnie dopasowuj\u0105 si\u0119 do nogi, bardzo wygodne i przewiewne. N. Murzyn<\/p>\n","protected":false},"featured_media":219,"comment_status":"open","ping_status":"closed","template":"","meta":[],"product_brand":[],"product_cat":[21],"product_tag":[],"class_list":{"0":"post-217","1":"product","2":"type-product","3":"status-publish","4":"has-post-thumbnail","6":"product_cat-buty","8":"first","9":"instock","10":"sale","11":"shipping-taxable","12":"purchasable","13":"product-type-simple"},"_links":{"self":[{"href":"https:\/\/sklep-demo.zse-2.krakow.pl\/index.php\/wp-json\/wp\/v2\/product\/217","targetHints":{"allow":["GET"]}}],"collection":[{"href":"https:\/\/sklep-demo.zse-2.krakow.pl\/index.php\/wp-json\/wp\/v2\/product"}],"about":[{"href":"https:\/\/sklep-demo.zse-2.krakow.pl\/index.php\/wp-json\/wp\/v2\/types\/product"}],"replies":[{"embeddable":true,"href":"https:\/\/sklep-demo.zse-2.krakow.pl\/index.php\/wp-json\/wp\/v2\/comments?post=217"}],"wp:featuredmedia":[{"embeddable":true,"href":"https:\/\/sklep-demo.zse-2.krakow.pl\/index.php\/wp-json\/wp\/v2\/media\/219"}],"wp:attachment":[{"href":"https:\/\/sklep-demo.zse-2.krakow.pl\/index.php\/wp-json\/wp\/v2\/media?parent=217"}],"wp:term":[{"taxonomy":"product_brand","embeddable":true,"href":"https:\/\/sklep-demo.zse-2.krakow.pl\/index.php\/wp-json\/wp\/v2\/product_brand?post=217"},{"taxonomy":"product_cat","embeddable":true,"href":"https:\/\/sklep-demo.zse-2.krakow.pl\/index.php\/wp-json\/wp\/v2\/product_cat?post=217"},{"taxonomy":"product_tag","embeddable":true,"href":"https:\/\/sklep-demo.zse-2.krakow.pl\/index.php\/wp-json\/wp\/v2\/product_tag?post=217"}],"curies":[{"name":"wp","href":"https:\/\/api.w.org\/{rel}","templated":true}]}}