{"id":218,"date":"2022-02-25T09:23:55","date_gmt":"2022-02-25T08:23:55","guid":{"rendered":"https:\/\/sklep-demo.zse-2.krakow.pl\/?post_type=product&#038;p=218"},"modified":"2022-02-25T09:23:56","modified_gmt":"2022-02-25T08:23:56","slug":"pierscionek-zareczynowy-natalia-pietruszka","status":"publish","type":"product","link":"https:\/\/sklep-demo.zse-2.krakow.pl\/index.php\/produkt\/pierscionek-zareczynowy-natalia-pietruszka\/","title":{"rendered":"pier\u015bcionek zar\u0119czynowy Natalia Pietruszka"},"content":{"rendered":"<p><img loading=\"lazy\" decoding=\"async\" class=\"\" src=\"https:\/\/mail.google.com\/mail\/u\/0?ui=2&amp;ik=25a75f7de2&amp;attid=0.2&amp;permmsgid=msg-f:1725722105624795527&amp;th=17f2ff1c9ece1987&amp;view=fimg&amp;fur=ip&amp;sz=s0-l75-ft&amp;attbid=ANGjdJ-cVHVxYjfcNoQ5dtrrr03UiwHTyMwaJC4NU65nTC0fhMdCY6PVmtMZTP5LXp4PeEUaAs3WNq-Rca2OBx2SErVcUVtH8SCg5SqGV-qyss2-nRrUzLM1OQpa9M0&amp;disp=emb&amp;realattid=17f2ff1765882e1631d3\" width=\"280\" height=\"210\" \/><\/p>\n","protected":false},"excerpt":{"rendered":"<p>Pier\u015bcionek zar\u0119czynowy Trilogy to model wielokamieniowy, kt\u00f3ry kryje w sobie magiczny blask brylant\u00f3w. Klasyczna obr\u0105czka \u015blubna zosta\u0142a zwie\u0144czona trzema, fantazyjnie po\u0142\u0105czonymi koronami, w kt\u00f3rych z niezwyk\u0142\u0105 precyzj\u0105 osadzone zosta\u0142y kamienie szlachetne &#8211; kamie\u0144 centralny oraz dwa mniejsze, otulaj\u0105ce go brylanty.<\/p>\n","protected":false},"featured_media":222,"comment_status":"open","ping_status":"closed","template":"","meta":[],"product_brand":[],"product_cat":[35],"product_tag":[37],"class_list":{"0":"post-218","1":"product","2":"type-product","3":"status-publish","4":"has-post-thumbnail","6":"product_cat-bizuteria","7":"product_tag-pierscionek-niebieski-bizuteria","9":"first","10":"instock","11":"sale","12":"shipping-taxable","13":"purchasable","14":"product-type-simple"},"_links":{"self":[{"href":"https:\/\/sklep-demo.zse-2.krakow.pl\/index.php\/wp-json\/wp\/v2\/product\/218","targetHints":{"allow":["GET"]}}],"collection":[{"href":"https:\/\/sklep-demo.zse-2.krakow.pl\/index.php\/wp-json\/wp\/v2\/product"}],"about":[{"href":"https:\/\/sklep-demo.zse-2.krakow.pl\/index.php\/wp-json\/wp\/v2\/types\/product"}],"replies":[{"embeddable":true,"href":"https:\/\/sklep-demo.zse-2.krakow.pl\/index.php\/wp-json\/wp\/v2\/comments?post=218"}],"wp:featuredmedia":[{"embeddable":true,"href":"https:\/\/sklep-demo.zse-2.krakow.pl\/index.php\/wp-json\/wp\/v2\/media\/222"}],"wp:attachment":[{"href":"https:\/\/sklep-demo.zse-2.krakow.pl\/index.php\/wp-json\/wp\/v2\/media?parent=218"}],"wp:term":[{"taxonomy":"product_brand","embeddable":true,"href":"https:\/\/sklep-demo.zse-2.krakow.pl\/index.php\/wp-json\/wp\/v2\/product_brand?post=218"},{"taxonomy":"product_cat","embeddable":true,"href":"https:\/\/sklep-demo.zse-2.krakow.pl\/index.php\/wp-json\/wp\/v2\/product_cat?post=218"},{"taxonomy":"product_tag","embeddable":true,"href":"https:\/\/sklep-demo.zse-2.krakow.pl\/index.php\/wp-json\/wp\/v2\/product_tag?post=218"}],"curies":[{"name":"wp","href":"https:\/\/api.w.org\/{rel}","templated":true}]}}