{"id":228,"date":"2022-02-25T09:29:09","date_gmt":"2022-02-25T08:29:09","guid":{"rendered":"https:\/\/sklep-demo.zse-2.krakow.pl\/?post_type=product&#038;p=228"},"modified":"2022-02-25T09:29:09","modified_gmt":"2022-02-25T08:29:09","slug":"zloty-naszyjnik-natalia-pietruszka","status":"publish","type":"product","link":"https:\/\/sklep-demo.zse-2.krakow.pl\/index.php\/produkt\/zloty-naszyjnik-natalia-pietruszka\/","title":{"rendered":"Z\u0142oty naszyjnik Natalia Pietruszka"},"content":{"rendered":"","protected":false},"excerpt":{"rendered":"<p><strong>Masywny z\u0142oty naszyjnik \u0142a\u0144cuch pancerka<\/strong>. G\u0142adka polerowana powierzchnia. Wykonany\u00a0<strong>ze z\u0142ota pr\u00f3by 585<\/strong>. Naszyjnik dzi\u0119ki swoim poka\u017anym rozmiarom, bardzo okazale prezentuje si\u0119 na dekolcie. Splot pancerka to nowoczesno\u015b\u0107 i klasyka w jednym wcieleniu.<\/p>\n<ul>\n<li>waga naszyjnika\u00a0<strong>11,81\u00a0g<\/strong><\/li>\n<li>regulowana d\u0142ugo\u015b\u0107 naszyjnika\u00a0<strong>od\u00a045\u00a0cm do 48 cm<\/strong><\/li>\n<li>splot pancerka<\/li>\n<li>szeroko\u015b\u0107 ogniwa od 7 mm do 11 mm<\/li>\n<li>produkcja w\u0142oska<\/li>\n<\/ul>\n","protected":false},"featured_media":229,"comment_status":"open","ping_status":"closed","template":"","meta":[],"product_brand":[],"product_cat":[35],"product_tag":[40],"class_list":{"0":"post-228","1":"product","2":"type-product","3":"status-publish","4":"has-post-thumbnail","6":"product_cat-bizuteria","7":"product_tag-naszyjnik-zloto","9":"first","10":"instock","11":"shipping-taxable","12":"purchasable","13":"product-type-simple"},"_links":{"self":[{"href":"https:\/\/sklep-demo.zse-2.krakow.pl\/index.php\/wp-json\/wp\/v2\/product\/228","targetHints":{"allow":["GET"]}}],"collection":[{"href":"https:\/\/sklep-demo.zse-2.krakow.pl\/index.php\/wp-json\/wp\/v2\/product"}],"about":[{"href":"https:\/\/sklep-demo.zse-2.krakow.pl\/index.php\/wp-json\/wp\/v2\/types\/product"}],"replies":[{"embeddable":true,"href":"https:\/\/sklep-demo.zse-2.krakow.pl\/index.php\/wp-json\/wp\/v2\/comments?post=228"}],"wp:featuredmedia":[{"embeddable":true,"href":"https:\/\/sklep-demo.zse-2.krakow.pl\/index.php\/wp-json\/wp\/v2\/media\/229"}],"wp:attachment":[{"href":"https:\/\/sklep-demo.zse-2.krakow.pl\/index.php\/wp-json\/wp\/v2\/media?parent=228"}],"wp:term":[{"taxonomy":"product_brand","embeddable":true,"href":"https:\/\/sklep-demo.zse-2.krakow.pl\/index.php\/wp-json\/wp\/v2\/product_brand?post=228"},{"taxonomy":"product_cat","embeddable":true,"href":"https:\/\/sklep-demo.zse-2.krakow.pl\/index.php\/wp-json\/wp\/v2\/product_cat?post=228"},{"taxonomy":"product_tag","embeddable":true,"href":"https:\/\/sklep-demo.zse-2.krakow.pl\/index.php\/wp-json\/wp\/v2\/product_tag?post=228"}],"curies":[{"name":"wp","href":"https:\/\/api.w.org\/{rel}","templated":true}]}}