{"id":230,"date":"2022-02-25T09:31:33","date_gmt":"2022-02-25T08:31:33","guid":{"rendered":"https:\/\/sklep-demo.zse-2.krakow.pl\/?post_type=product&#038;p=230"},"modified":"2022-02-25T09:31:33","modified_gmt":"2022-02-25T08:31:33","slug":"obraczki-zlote-dominika","status":"publish","type":"product","link":"https:\/\/sklep-demo.zse-2.krakow.pl\/index.php\/produkt\/obraczki-zlote-dominika\/","title":{"rendered":"Obr\u0105czki z\u0142ote Dominika"},"content":{"rendered":"<p>Obr\u0105czki \u015blubne z\u0142ote, p\u0142askie 6 mm<\/p>\n","protected":false},"excerpt":{"rendered":"<p>Obr\u0105czki \u015blubne z\u0142ote, p\u0142askie 6 mm<\/p>\n","protected":false},"featured_media":231,"comment_status":"open","ping_status":"closed","template":"","meta":[],"product_brand":[],"product_cat":[35],"product_tag":[],"class_list":{"0":"post-230","1":"product","2":"type-product","3":"status-publish","4":"has-post-thumbnail","6":"product_cat-bizuteria","8":"first","9":"instock","10":"sale","11":"shipping-taxable","12":"purchasable","13":"product-type-simple"},"_links":{"self":[{"href":"https:\/\/sklep-demo.zse-2.krakow.pl\/index.php\/wp-json\/wp\/v2\/product\/230","targetHints":{"allow":["GET"]}}],"collection":[{"href":"https:\/\/sklep-demo.zse-2.krakow.pl\/index.php\/wp-json\/wp\/v2\/product"}],"about":[{"href":"https:\/\/sklep-demo.zse-2.krakow.pl\/index.php\/wp-json\/wp\/v2\/types\/product"}],"replies":[{"embeddable":true,"href":"https:\/\/sklep-demo.zse-2.krakow.pl\/index.php\/wp-json\/wp\/v2\/comments?post=230"}],"wp:featuredmedia":[{"embeddable":true,"href":"https:\/\/sklep-demo.zse-2.krakow.pl\/index.php\/wp-json\/wp\/v2\/media\/231"}],"wp:attachment":[{"href":"https:\/\/sklep-demo.zse-2.krakow.pl\/index.php\/wp-json\/wp\/v2\/media?parent=230"}],"wp:term":[{"taxonomy":"product_brand","embeddable":true,"href":"https:\/\/sklep-demo.zse-2.krakow.pl\/index.php\/wp-json\/wp\/v2\/product_brand?post=230"},{"taxonomy":"product_cat","embeddable":true,"href":"https:\/\/sklep-demo.zse-2.krakow.pl\/index.php\/wp-json\/wp\/v2\/product_cat?post=230"},{"taxonomy":"product_tag","embeddable":true,"href":"https:\/\/sklep-demo.zse-2.krakow.pl\/index.php\/wp-json\/wp\/v2\/product_tag?post=230"}],"curies":[{"name":"wp","href":"https:\/\/api.w.org\/{rel}","templated":true}]}}