{"id":246,"date":"2022-03-28T14:42:43","date_gmt":"2022-03-28T12:42:43","guid":{"rendered":"https:\/\/sklep-demo.zse-2.krakow.pl\/?post_type=product&#038;p=246"},"modified":"2022-03-28T14:42:44","modified_gmt":"2022-03-28T12:42:44","slug":"pedzle-do-makijazu-aleksandra","status":"publish","type":"product","link":"https:\/\/sklep-demo.zse-2.krakow.pl\/index.php\/produkt\/pedzle-do-makijazu-aleksandra\/","title":{"rendered":"p\u0119dzle do makija\u017cu Aleksandra"},"content":{"rendered":"<p><img loading=\"lazy\" decoding=\"async\" class=\"alignnone size-medium wp-image-253\" src=\"https:\/\/sklep-demo.zse-2.krakow.pl\/wp-content\/uploads\/2022\/03\/makeup-2676392_960_720-300x200.webp\" alt=\"\" width=\"300\" height=\"200\" srcset=\"https:\/\/sklep-demo.zse-2.krakow.pl\/wp-content\/uploads\/2022\/03\/makeup-2676392_960_720-300x200.webp 300w, https:\/\/sklep-demo.zse-2.krakow.pl\/wp-content\/uploads\/2022\/03\/makeup-2676392_960_720-768x512.webp 768w, https:\/\/sklep-demo.zse-2.krakow.pl\/wp-content\/uploads\/2022\/03\/makeup-2676392_960_720-416x277.webp 416w, https:\/\/sklep-demo.zse-2.krakow.pl\/wp-content\/uploads\/2022\/03\/makeup-2676392_960_720.webp 960w\" sizes=\"auto, (max-width: 300px) 100vw, 300px\" \/><\/p>\n","protected":false},"excerpt":{"rendered":"<p>\u015awietne, mi\u0119kkie p\u0119dzle do makija\u017cu twarzy.<\/p>\n<p>Aleksandra Lewandowska<\/p>\n","protected":false},"featured_media":253,"comment_status":"open","ping_status":"closed","template":"","meta":[],"product_brand":[],"product_cat":[20],"product_tag":[],"class_list":{"0":"post-246","1":"product","2":"type-product","3":"status-publish","4":"has-post-thumbnail","6":"product_cat-kosmetyki","8":"first","9":"instock","10":"shipping-taxable","11":"purchasable","12":"product-type-simple"},"_links":{"self":[{"href":"https:\/\/sklep-demo.zse-2.krakow.pl\/index.php\/wp-json\/wp\/v2\/product\/246","targetHints":{"allow":["GET"]}}],"collection":[{"href":"https:\/\/sklep-demo.zse-2.krakow.pl\/index.php\/wp-json\/wp\/v2\/product"}],"about":[{"href":"https:\/\/sklep-demo.zse-2.krakow.pl\/index.php\/wp-json\/wp\/v2\/types\/product"}],"replies":[{"embeddable":true,"href":"https:\/\/sklep-demo.zse-2.krakow.pl\/index.php\/wp-json\/wp\/v2\/comments?post=246"}],"wp:featuredmedia":[{"embeddable":true,"href":"https:\/\/sklep-demo.zse-2.krakow.pl\/index.php\/wp-json\/wp\/v2\/media\/253"}],"wp:attachment":[{"href":"https:\/\/sklep-demo.zse-2.krakow.pl\/index.php\/wp-json\/wp\/v2\/media?parent=246"}],"wp:term":[{"taxonomy":"product_brand","embeddable":true,"href":"https:\/\/sklep-demo.zse-2.krakow.pl\/index.php\/wp-json\/wp\/v2\/product_brand?post=246"},{"taxonomy":"product_cat","embeddable":true,"href":"https:\/\/sklep-demo.zse-2.krakow.pl\/index.php\/wp-json\/wp\/v2\/product_cat?post=246"},{"taxonomy":"product_tag","embeddable":true,"href":"https:\/\/sklep-demo.zse-2.krakow.pl\/index.php\/wp-json\/wp\/v2\/product_tag?post=246"}],"curies":[{"name":"wp","href":"https:\/\/api.w.org\/{rel}","templated":true}]}}