{"id":361,"date":"2022-04-22T09:20:49","date_gmt":"2022-04-22T07:20:49","guid":{"rendered":"https:\/\/sklep-demo.zse-2.krakow.pl\/?post_type=product&#038;p=361"},"modified":"2022-04-22T09:20:49","modified_gmt":"2022-04-22T07:20:49","slug":"zegarek-tommy-hilfiger","status":"publish","type":"product","link":"https:\/\/sklep-demo.zse-2.krakow.pl\/index.php\/produkt\/zegarek-tommy-hilfiger\/","title":{"rendered":"Zegarek Tommy Hilfiger"},"content":{"rendered":"<p><img loading=\"lazy\" decoding=\"async\" class=\"alignnone size-medium wp-image-362\" src=\"https:\/\/sklep-demo.zse-2.krakow.pl\/wp-content\/uploads\/2022\/04\/i-tommy-hilfiger-ari-1781977-190x300.webp\" alt=\"\" width=\"190\" height=\"300\" srcset=\"https:\/\/sklep-demo.zse-2.krakow.pl\/wp-content\/uploads\/2022\/04\/i-tommy-hilfiger-ari-1781977-190x300.webp 190w, https:\/\/sklep-demo.zse-2.krakow.pl\/wp-content\/uploads\/2022\/04\/i-tommy-hilfiger-ari-1781977.webp 317w\" sizes=\"auto, (max-width: 190px) 100vw, 190px\" \/><\/p>\n","protected":false},"excerpt":{"rendered":"<p>czyste z\u0142oto icharakteryzuje si\u0119 najwieksz\u0105 elastyczno\u015bci\u0105 w\u015br\u00f3d metali<\/p>\n","protected":false},"featured_media":0,"comment_status":"open","ping_status":"closed","template":"","meta":[],"product_brand":[],"product_cat":[15],"product_tag":[],"class_list":{"0":"post-361","1":"product","2":"type-product","3":"status-publish","5":"product_cat-bez-kategorii","7":"first","8":"instock","9":"sale","10":"shipping-taxable","11":"purchasable","12":"product-type-simple"},"_links":{"self":[{"href":"https:\/\/sklep-demo.zse-2.krakow.pl\/index.php\/wp-json\/wp\/v2\/product\/361","targetHints":{"allow":["GET"]}}],"collection":[{"href":"https:\/\/sklep-demo.zse-2.krakow.pl\/index.php\/wp-json\/wp\/v2\/product"}],"about":[{"href":"https:\/\/sklep-demo.zse-2.krakow.pl\/index.php\/wp-json\/wp\/v2\/types\/product"}],"replies":[{"embeddable":true,"href":"https:\/\/sklep-demo.zse-2.krakow.pl\/index.php\/wp-json\/wp\/v2\/comments?post=361"}],"wp:attachment":[{"href":"https:\/\/sklep-demo.zse-2.krakow.pl\/index.php\/wp-json\/wp\/v2\/media?parent=361"}],"wp:term":[{"taxonomy":"product_brand","embeddable":true,"href":"https:\/\/sklep-demo.zse-2.krakow.pl\/index.php\/wp-json\/wp\/v2\/product_brand?post=361"},{"taxonomy":"product_cat","embeddable":true,"href":"https:\/\/sklep-demo.zse-2.krakow.pl\/index.php\/wp-json\/wp\/v2\/product_cat?post=361"},{"taxonomy":"product_tag","embeddable":true,"href":"https:\/\/sklep-demo.zse-2.krakow.pl\/index.php\/wp-json\/wp\/v2\/product_tag?post=361"}],"curies":[{"name":"wp","href":"https:\/\/api.w.org\/{rel}","templated":true}]}}