{"id":382,"date":"2022-05-21T15:00:50","date_gmt":"2022-05-21T13:00:50","guid":{"rendered":"https:\/\/sklep-demo.zse-2.krakow.pl\/?post_type=product&#038;p=382"},"modified":"2022-05-21T15:00:51","modified_gmt":"2022-05-21T13:00:51","slug":"natural-classic-henna-maska-odzywka-do-wlosow-treatment-wax-480-ml","status":"publish","type":"product","link":"https:\/\/sklep-demo.zse-2.krakow.pl\/index.php\/produkt\/natural-classic-henna-maska-odzywka-do-wlosow-treatment-wax-480-ml\/","title":{"rendered":"Natural Classic Henna Maska Od\u017cywka Do W\u0142os\u00f3w Treatment Wax 480 Ml"},"content":{"rendered":"<figure id=\"attachment_383\" aria-describedby=\"caption-attachment-383\" style=\"width: 149px\" class=\"wp-caption alignnone\"><img loading=\"lazy\" decoding=\"async\" class=\"size-medium wp-image-383\" src=\"https:\/\/sklep-demo.zse-2.krakow.pl\/wp-content\/uploads\/2022\/05\/odzywwka-149x300.jpg\" alt=\"\" width=\"149\" height=\"300\" srcset=\"https:\/\/sklep-demo.zse-2.krakow.pl\/wp-content\/uploads\/2022\/05\/odzywwka-149x300.jpg 149w, https:\/\/sklep-demo.zse-2.krakow.pl\/wp-content\/uploads\/2022\/05\/odzywwka-510x1024.jpg 510w, https:\/\/sklep-demo.zse-2.krakow.pl\/wp-content\/uploads\/2022\/05\/odzywwka-768x1544.jpg 768w, https:\/\/sklep-demo.zse-2.krakow.pl\/wp-content\/uploads\/2022\/05\/odzywwka-764x1536.jpg 764w, https:\/\/sklep-demo.zse-2.krakow.pl\/wp-content\/uploads\/2022\/05\/odzywwka-416x836.jpg 416w, https:\/\/sklep-demo.zse-2.krakow.pl\/wp-content\/uploads\/2022\/05\/odzywwka.jpg 1019w\" sizes=\"auto, (max-width: 149px) 100vw, 149px\" \/><figcaption id=\"caption-attachment-383\" class=\"wp-caption-text\">Guzowska<\/figcaption><\/figure>\n","protected":false},"excerpt":{"rendered":"<p>\u015awietny po\u0142ysk na w\u0142osach ju\u017c po 2 tygodniach poprawia kondycje w\u0142osa i regeneruje je<\/p>\n","protected":false},"featured_media":0,"comment_status":"open","ping_status":"closed","template":"","meta":[],"product_brand":[],"product_cat":[20],"product_tag":[],"class_list":{"0":"post-382","1":"product","2":"type-product","3":"status-publish","5":"product_cat-kosmetyki","7":"first","8":"instock","9":"sale","10":"shipping-taxable","11":"purchasable","12":"product-type-simple"},"_links":{"self":[{"href":"https:\/\/sklep-demo.zse-2.krakow.pl\/index.php\/wp-json\/wp\/v2\/product\/382","targetHints":{"allow":["GET"]}}],"collection":[{"href":"https:\/\/sklep-demo.zse-2.krakow.pl\/index.php\/wp-json\/wp\/v2\/product"}],"about":[{"href":"https:\/\/sklep-demo.zse-2.krakow.pl\/index.php\/wp-json\/wp\/v2\/types\/product"}],"replies":[{"embeddable":true,"href":"https:\/\/sklep-demo.zse-2.krakow.pl\/index.php\/wp-json\/wp\/v2\/comments?post=382"}],"wp:attachment":[{"href":"https:\/\/sklep-demo.zse-2.krakow.pl\/index.php\/wp-json\/wp\/v2\/media?parent=382"}],"wp:term":[{"taxonomy":"product_brand","embeddable":true,"href":"https:\/\/sklep-demo.zse-2.krakow.pl\/index.php\/wp-json\/wp\/v2\/product_brand?post=382"},{"taxonomy":"product_cat","embeddable":true,"href":"https:\/\/sklep-demo.zse-2.krakow.pl\/index.php\/wp-json\/wp\/v2\/product_cat?post=382"},{"taxonomy":"product_tag","embeddable":true,"href":"https:\/\/sklep-demo.zse-2.krakow.pl\/index.php\/wp-json\/wp\/v2\/product_tag?post=382"}],"curies":[{"name":"wp","href":"https:\/\/api.w.org\/{rel}","templated":true}]}}