{"id":40,"date":"2022-02-07T14:56:38","date_gmt":"2022-02-07T13:56:38","guid":{"rendered":"https:\/\/sklep-demo.zse-2.krakow.pl\/?post_type=product&#038;p=40"},"modified":"2022-02-25T09:26:13","modified_gmt":"2022-02-25T08:26:13","slug":"kubek-walentynkowy-ms","status":"publish","type":"product","link":"https:\/\/sklep-demo.zse-2.krakow.pl\/index.php\/produkt\/kubek-walentynkowy-ms\/","title":{"rendered":"Kubek walentynkowy MS_"},"content":{"rendered":"<p>Niesamowity kubek walentynkowy. Zr\u00f3b niespodziank\u0119 swojej drugiej po\u0142\u00f3wce. Niech przypomni sobie o Tobie pij\u0105c herbat\u0119.<\/p>\n<p>Kubek ceramiczny, wyprodukowany w Polsce. Wysy\u0142ka z Polski. Zam\u00f3w do godziny 12:00 a kubek otrzymasz nast\u0119pnego dnia!<\/p>\n<p>https:\/\/pixabay.com\/pl\/photos\/walentynki-serce-puchar-kawa-624440\/<\/p>\n<p>Marek Sotwin<\/p>\n","protected":false},"excerpt":{"rendered":"<p>Niesamowity kubek walentynkowy. Zr\u00f3b niespodziank\u0119 swojej drugiej po\u0142\u00f3wce. Niech przypomni sobie o Tobie pij\u0105c herbat\u0119.<\/p>\n","protected":false},"featured_media":52,"comment_status":"open","ping_status":"closed","template":"","meta":[],"product_brand":[],"product_cat":[22],"product_tag":[],"class_list":{"0":"post-40","1":"product","2":"type-product","3":"status-publish","4":"has-post-thumbnail","6":"product_cat-ceramika","8":"first","9":"instock","10":"shipping-taxable","11":"purchasable","12":"product-type-simple"},"_links":{"self":[{"href":"https:\/\/sklep-demo.zse-2.krakow.pl\/index.php\/wp-json\/wp\/v2\/product\/40","targetHints":{"allow":["GET"]}}],"collection":[{"href":"https:\/\/sklep-demo.zse-2.krakow.pl\/index.php\/wp-json\/wp\/v2\/product"}],"about":[{"href":"https:\/\/sklep-demo.zse-2.krakow.pl\/index.php\/wp-json\/wp\/v2\/types\/product"}],"replies":[{"embeddable":true,"href":"https:\/\/sklep-demo.zse-2.krakow.pl\/index.php\/wp-json\/wp\/v2\/comments?post=40"}],"wp:featuredmedia":[{"embeddable":true,"href":"https:\/\/sklep-demo.zse-2.krakow.pl\/index.php\/wp-json\/wp\/v2\/media\/52"}],"wp:attachment":[{"href":"https:\/\/sklep-demo.zse-2.krakow.pl\/index.php\/wp-json\/wp\/v2\/media?parent=40"}],"wp:term":[{"taxonomy":"product_brand","embeddable":true,"href":"https:\/\/sklep-demo.zse-2.krakow.pl\/index.php\/wp-json\/wp\/v2\/product_brand?post=40"},{"taxonomy":"product_cat","embeddable":true,"href":"https:\/\/sklep-demo.zse-2.krakow.pl\/index.php\/wp-json\/wp\/v2\/product_cat?post=40"},{"taxonomy":"product_tag","embeddable":true,"href":"https:\/\/sklep-demo.zse-2.krakow.pl\/index.php\/wp-json\/wp\/v2\/product_tag?post=40"}],"curies":[{"name":"wp","href":"https:\/\/api.w.org\/{rel}","templated":true}]}}