{"id":41,"date":"2022-02-07T14:59:31","date_gmt":"2022-02-07T13:59:31","guid":{"rendered":"https:\/\/sklep-demo.zse-2.krakow.pl\/?post_type=product&#038;p=41"},"modified":"2022-02-07T14:59:57","modified_gmt":"2022-02-07T13:59:57","slug":"ksiazka-pt-godziny-strachu-ns","status":"publish","type":"product","link":"https:\/\/sklep-demo.zse-2.krakow.pl\/index.php\/produkt\/ksiazka-pt-godziny-strachu-ns\/","title":{"rendered":"Ksi\u0105\u017cka Nicci French pt. Godziny Strachu N\u015a"},"content":{"rendered":"<p><img loading=\"lazy\" decoding=\"async\" class=\"alignnone size-medium wp-image-44\" src=\"https:\/\/sklep-demo.zse-2.krakow.pl\/wp-content\/uploads\/2022\/02\/image-225x300.jpg\" alt=\"\" width=\"225\" height=\"300\" srcset=\"https:\/\/sklep-demo.zse-2.krakow.pl\/wp-content\/uploads\/2022\/02\/image-225x300.jpg 225w, https:\/\/sklep-demo.zse-2.krakow.pl\/wp-content\/uploads\/2022\/02\/image-768x1024.jpg 768w, https:\/\/sklep-demo.zse-2.krakow.pl\/wp-content\/uploads\/2022\/02\/image-1152x1536.jpg 1152w, https:\/\/sklep-demo.zse-2.krakow.pl\/wp-content\/uploads\/2022\/02\/image-1536x2048.jpg 1536w, https:\/\/sklep-demo.zse-2.krakow.pl\/wp-content\/uploads\/2022\/02\/image-416x555.jpg 416w, https:\/\/sklep-demo.zse-2.krakow.pl\/wp-content\/uploads\/2022\/02\/image-scaled.jpg 1920w\" sizes=\"auto, (max-width: 225px) 100vw, 225px\" \/>\u00a0Ciekawa ksi\u0105\u017cka o zaginionej pi\u0119tnastolatki kt\u00f3ra nie wr\u00f3ci\u0142a do domu po nocy sp\u0119dzonej u kole\u017canki<\/p>\n<p>Natalia \u015awierczek<\/p>\n","protected":false},"excerpt":{"rendered":"<p>\u00a0Ciekawa ksi\u0105\u017cka o zaginionej pi\u0119tnastolatki kt\u00f3ra nie wr\u00f3ci\u0142a do domu po nocy sp\u0119dzonej u kole\u017canki Natalia \u015awierczek<\/p>\n","protected":false},"featured_media":0,"comment_status":"open","ping_status":"closed","template":"","meta":[],"product_brand":[],"product_cat":[15],"product_tag":[],"class_list":{"0":"post-41","1":"product","2":"type-product","3":"status-publish","5":"product_cat-bez-kategorii","7":"first","8":"instock","9":"shipping-taxable","10":"purchasable","11":"product-type-simple"},"_links":{"self":[{"href":"https:\/\/sklep-demo.zse-2.krakow.pl\/index.php\/wp-json\/wp\/v2\/product\/41","targetHints":{"allow":["GET"]}}],"collection":[{"href":"https:\/\/sklep-demo.zse-2.krakow.pl\/index.php\/wp-json\/wp\/v2\/product"}],"about":[{"href":"https:\/\/sklep-demo.zse-2.krakow.pl\/index.php\/wp-json\/wp\/v2\/types\/product"}],"replies":[{"embeddable":true,"href":"https:\/\/sklep-demo.zse-2.krakow.pl\/index.php\/wp-json\/wp\/v2\/comments?post=41"}],"wp:attachment":[{"href":"https:\/\/sklep-demo.zse-2.krakow.pl\/index.php\/wp-json\/wp\/v2\/media?parent=41"}],"wp:term":[{"taxonomy":"product_brand","embeddable":true,"href":"https:\/\/sklep-demo.zse-2.krakow.pl\/index.php\/wp-json\/wp\/v2\/product_brand?post=41"},{"taxonomy":"product_cat","embeddable":true,"href":"https:\/\/sklep-demo.zse-2.krakow.pl\/index.php\/wp-json\/wp\/v2\/product_cat?post=41"},{"taxonomy":"product_tag","embeddable":true,"href":"https:\/\/sklep-demo.zse-2.krakow.pl\/index.php\/wp-json\/wp\/v2\/product_tag?post=41"}],"curies":[{"name":"wp","href":"https:\/\/api.w.org\/{rel}","templated":true}]}}