{"id":42,"date":"2022-02-07T15:17:44","date_gmt":"2022-02-07T14:17:44","guid":{"rendered":"https:\/\/sklep-demo.zse-2.krakow.pl\/?post_type=product&#038;p=42"},"modified":"2022-02-18T09:37:48","modified_gmt":"2022-02-18T08:37:48","slug":"ksiazka-pw","status":"publish","type":"product","link":"https:\/\/sklep-demo.zse-2.krakow.pl\/index.php\/produkt\/ksiazka-pw\/","title":{"rendered":"Ksi\u0105\u017cka PWiklik"},"content":{"rendered":"<p>Niesamowicie wci\u0105gaj\u0105ca ksi\u0105\u017cka o podr\u00f3\u017cowaniu, w kt\u00f3rej g\u0142\u00f3wny bohater zwiedza niespotykanie pi\u0119kne krainy. \u015awietna ksi\u0105\u017cka na d\u0142ugie zimowe wieczory.<\/p>\n","protected":false},"excerpt":{"rendered":"<p>Niesamowicie wci\u0105gaj\u0105ca ksi\u0105\u017cka o podr\u00f3\u017cowaniu, w kt\u00f3rej g\u0142\u00f3wny bohater zwiedza niespotykanie pi\u0119kne krainy. \u015awietna ksi\u0105\u017cka na d\u0142ugie zimowe wieczory.<\/p>\n","protected":false},"featured_media":56,"comment_status":"open","ping_status":"closed","template":"","meta":[],"product_brand":[],"product_cat":[34],"product_tag":[],"class_list":{"0":"post-42","1":"product","2":"type-product","3":"status-publish","4":"has-post-thumbnail","6":"product_cat-ksiazki","8":"first","9":"instock","10":"shipping-taxable","11":"purchasable","12":"product-type-simple"},"_links":{"self":[{"href":"https:\/\/sklep-demo.zse-2.krakow.pl\/index.php\/wp-json\/wp\/v2\/product\/42","targetHints":{"allow":["GET"]}}],"collection":[{"href":"https:\/\/sklep-demo.zse-2.krakow.pl\/index.php\/wp-json\/wp\/v2\/product"}],"about":[{"href":"https:\/\/sklep-demo.zse-2.krakow.pl\/index.php\/wp-json\/wp\/v2\/types\/product"}],"replies":[{"embeddable":true,"href":"https:\/\/sklep-demo.zse-2.krakow.pl\/index.php\/wp-json\/wp\/v2\/comments?post=42"}],"wp:featuredmedia":[{"embeddable":true,"href":"https:\/\/sklep-demo.zse-2.krakow.pl\/index.php\/wp-json\/wp\/v2\/media\/56"}],"wp:attachment":[{"href":"https:\/\/sklep-demo.zse-2.krakow.pl\/index.php\/wp-json\/wp\/v2\/media?parent=42"}],"wp:term":[{"taxonomy":"product_brand","embeddable":true,"href":"https:\/\/sklep-demo.zse-2.krakow.pl\/index.php\/wp-json\/wp\/v2\/product_brand?post=42"},{"taxonomy":"product_cat","embeddable":true,"href":"https:\/\/sklep-demo.zse-2.krakow.pl\/index.php\/wp-json\/wp\/v2\/product_cat?post=42"},{"taxonomy":"product_tag","embeddable":true,"href":"https:\/\/sklep-demo.zse-2.krakow.pl\/index.php\/wp-json\/wp\/v2\/product_tag?post=42"}],"curies":[{"name":"wp","href":"https:\/\/api.w.org\/{rel}","templated":true}]}}