{"id":43,"date":"2022-02-07T15:15:02","date_gmt":"2022-02-07T14:15:02","guid":{"rendered":"https:\/\/sklep-demo.zse-2.krakow.pl\/?post_type=product&#038;p=43"},"modified":"2022-02-07T15:15:02","modified_gmt":"2022-02-07T14:15:02","slug":"pianka-oczyszczajaca-mn","status":"publish","type":"product","link":"https:\/\/sklep-demo.zse-2.krakow.pl\/index.php\/produkt\/pianka-oczyszczajaca-mn\/","title":{"rendered":"Pianka oczyszczaj\u0105ca MN"},"content":{"rendered":"<blockquote><p>Pianka ta idealnie skomponowana naturalna piel\u0119gnacja, celuj\u0105ca w potrzeby twojej skory. Nawil\u017caj\u0105co-koj\u0105cej pianki oczyszczaj\u0105cej, kt\u00f3ra zapewni efektywne oczyszczenie, nawil\u017cenie i ukojenie sk\u00f3ry.<br \/>\nHipoalergiczne, przetestowane klinicznie.<br \/>\nWega\u0144skie i nietestowane na zwierz\u0119tach.<\/p>\n<p>Autor: Magda Niemiec<\/p><\/blockquote>\n","protected":false},"excerpt":{"rendered":"<p>Oczyszczaj\u0105ca pianka do twarzy<\/p>\n","protected":false},"featured_media":49,"comment_status":"open","ping_status":"closed","template":"","meta":[],"product_brand":[],"product_cat":[20],"product_tag":[],"class_list":{"0":"post-43","1":"product","2":"type-product","3":"status-publish","4":"has-post-thumbnail","6":"product_cat-kosmetyki","8":"first","9":"instock","10":"sale","11":"shipping-taxable","12":"purchasable","13":"product-type-simple"},"_links":{"self":[{"href":"https:\/\/sklep-demo.zse-2.krakow.pl\/index.php\/wp-json\/wp\/v2\/product\/43","targetHints":{"allow":["GET"]}}],"collection":[{"href":"https:\/\/sklep-demo.zse-2.krakow.pl\/index.php\/wp-json\/wp\/v2\/product"}],"about":[{"href":"https:\/\/sklep-demo.zse-2.krakow.pl\/index.php\/wp-json\/wp\/v2\/types\/product"}],"replies":[{"embeddable":true,"href":"https:\/\/sklep-demo.zse-2.krakow.pl\/index.php\/wp-json\/wp\/v2\/comments?post=43"}],"wp:featuredmedia":[{"embeddable":true,"href":"https:\/\/sklep-demo.zse-2.krakow.pl\/index.php\/wp-json\/wp\/v2\/media\/49"}],"wp:attachment":[{"href":"https:\/\/sklep-demo.zse-2.krakow.pl\/index.php\/wp-json\/wp\/v2\/media?parent=43"}],"wp:term":[{"taxonomy":"product_brand","embeddable":true,"href":"https:\/\/sklep-demo.zse-2.krakow.pl\/index.php\/wp-json\/wp\/v2\/product_brand?post=43"},{"taxonomy":"product_cat","embeddable":true,"href":"https:\/\/sklep-demo.zse-2.krakow.pl\/index.php\/wp-json\/wp\/v2\/product_cat?post=43"},{"taxonomy":"product_tag","embeddable":true,"href":"https:\/\/sklep-demo.zse-2.krakow.pl\/index.php\/wp-json\/wp\/v2\/product_tag?post=43"}],"curies":[{"name":"wp","href":"https:\/\/api.w.org\/{rel}","templated":true}]}}