{"id":64,"date":"2022-02-11T09:22:24","date_gmt":"2022-02-11T08:22:24","guid":{"rendered":"https:\/\/sklep-demo.zse-2.krakow.pl\/?post_type=product&#038;p=64"},"modified":"2022-02-11T09:35:50","modified_gmt":"2022-02-11T08:35:50","slug":"kwiat","status":"publish","type":"product","link":"https:\/\/sklep-demo.zse-2.krakow.pl\/index.php\/produkt\/kwiat\/","title":{"rendered":"Kwiat S.S."},"content":{"rendered":"<p>Kwiat \u017cywy. Idealny do postawienia w salonie jako dekoracja. Prosty w utrzymaniu. Chcesz urozmaici\u0107 wn\u0119trze swojego domu? A mo\u017ce potrzebujesz unikalnego prezentu dla bliskiej osoby? Ten pi\u0119kny kwiat b\u0119dzie z pewno\u015bci\u0105 strza\u0142em w dziesi\u0105tk\u0119! Zapraszamy do zakupu \ud83d\ude42<\/p>\n","protected":false},"excerpt":{"rendered":"<p>Ro\u015blina prosta w utrzymaniu, \u015bwietnie nadaje si\u0119 jako dekoracja.<\/p>\n<p>Szymon S\u0142omian 3H<\/p>\n","protected":false},"featured_media":69,"comment_status":"open","ping_status":"closed","template":"","meta":[],"product_brand":[],"product_cat":[26],"product_tag":[],"class_list":{"0":"post-64","1":"product","2":"type-product","3":"status-publish","4":"has-post-thumbnail","6":"product_cat-dekoracja-wnetrz","8":"first","9":"instock","10":"shipping-taxable","11":"purchasable","12":"product-type-simple"},"_links":{"self":[{"href":"https:\/\/sklep-demo.zse-2.krakow.pl\/index.php\/wp-json\/wp\/v2\/product\/64","targetHints":{"allow":["GET"]}}],"collection":[{"href":"https:\/\/sklep-demo.zse-2.krakow.pl\/index.php\/wp-json\/wp\/v2\/product"}],"about":[{"href":"https:\/\/sklep-demo.zse-2.krakow.pl\/index.php\/wp-json\/wp\/v2\/types\/product"}],"replies":[{"embeddable":true,"href":"https:\/\/sklep-demo.zse-2.krakow.pl\/index.php\/wp-json\/wp\/v2\/comments?post=64"}],"wp:featuredmedia":[{"embeddable":true,"href":"https:\/\/sklep-demo.zse-2.krakow.pl\/index.php\/wp-json\/wp\/v2\/media\/69"}],"wp:attachment":[{"href":"https:\/\/sklep-demo.zse-2.krakow.pl\/index.php\/wp-json\/wp\/v2\/media?parent=64"}],"wp:term":[{"taxonomy":"product_brand","embeddable":true,"href":"https:\/\/sklep-demo.zse-2.krakow.pl\/index.php\/wp-json\/wp\/v2\/product_brand?post=64"},{"taxonomy":"product_cat","embeddable":true,"href":"https:\/\/sklep-demo.zse-2.krakow.pl\/index.php\/wp-json\/wp\/v2\/product_cat?post=64"},{"taxonomy":"product_tag","embeddable":true,"href":"https:\/\/sklep-demo.zse-2.krakow.pl\/index.php\/wp-json\/wp\/v2\/product_tag?post=64"}],"curies":[{"name":"wp","href":"https:\/\/api.w.org\/{rel}","templated":true}]}}