{"id":66,"date":"2022-02-11T09:24:04","date_gmt":"2022-02-11T08:24:04","guid":{"rendered":"https:\/\/sklep-demo.zse-2.krakow.pl\/?post_type=product&#038;p=66"},"modified":"2022-02-11T09:24:04","modified_gmt":"2022-02-11T08:24:04","slug":"zolty-plecak-jp","status":"publish","type":"product","link":"https:\/\/sklep-demo.zse-2.krakow.pl\/index.php\/produkt\/zolty-plecak-jp\/","title":{"rendered":"\u017b\u00f3\u0142ty plecak JP"},"content":{"rendered":"<p>Wygodny plecak z regulowanymi paskami. \u0141atwy w dopasowaniu dla ka\u017cdego.<\/p>\n<p>Dost\u0119pny w jednym wariancie kolorystycznym.<\/p>\n<p>Zdj\u0119cie produktu pochodzi ze strony:<\/p>\n<p>https:\/\/pixabay.com\/pl\/photos\/%c5%bc%c3%b3%c5%82ty-plecak-torba-ludzie-2565846\/<\/p>\n","protected":false},"excerpt":{"rendered":"<p>Wygodny plecak w kolorze \u017c\u00f3\u0142tym<\/p>\n<p>Autor opisu: Joanna Pastuszka 3H<\/p>\n","protected":false},"featured_media":67,"comment_status":"open","ping_status":"closed","template":"","meta":[],"product_brand":[],"product_cat":[25],"product_tag":[],"class_list":{"0":"post-66","1":"product","2":"type-product","3":"status-publish","4":"has-post-thumbnail","6":"product_cat-torebki-plecaki","8":"first","9":"instock","10":"sale","11":"shipping-taxable","12":"purchasable","13":"product-type-simple"},"_links":{"self":[{"href":"https:\/\/sklep-demo.zse-2.krakow.pl\/index.php\/wp-json\/wp\/v2\/product\/66","targetHints":{"allow":["GET"]}}],"collection":[{"href":"https:\/\/sklep-demo.zse-2.krakow.pl\/index.php\/wp-json\/wp\/v2\/product"}],"about":[{"href":"https:\/\/sklep-demo.zse-2.krakow.pl\/index.php\/wp-json\/wp\/v2\/types\/product"}],"replies":[{"embeddable":true,"href":"https:\/\/sklep-demo.zse-2.krakow.pl\/index.php\/wp-json\/wp\/v2\/comments?post=66"}],"wp:featuredmedia":[{"embeddable":true,"href":"https:\/\/sklep-demo.zse-2.krakow.pl\/index.php\/wp-json\/wp\/v2\/media\/67"}],"wp:attachment":[{"href":"https:\/\/sklep-demo.zse-2.krakow.pl\/index.php\/wp-json\/wp\/v2\/media?parent=66"}],"wp:term":[{"taxonomy":"product_brand","embeddable":true,"href":"https:\/\/sklep-demo.zse-2.krakow.pl\/index.php\/wp-json\/wp\/v2\/product_brand?post=66"},{"taxonomy":"product_cat","embeddable":true,"href":"https:\/\/sklep-demo.zse-2.krakow.pl\/index.php\/wp-json\/wp\/v2\/product_cat?post=66"},{"taxonomy":"product_tag","embeddable":true,"href":"https:\/\/sklep-demo.zse-2.krakow.pl\/index.php\/wp-json\/wp\/v2\/product_tag?post=66"}],"curies":[{"name":"wp","href":"https:\/\/api.w.org\/{rel}","templated":true}]}}