{"id":93,"date":"2022-02-11T09:40:23","date_gmt":"2022-02-11T08:40:23","guid":{"rendered":"https:\/\/sklep-demo.zse-2.krakow.pl\/?post_type=product&#038;p=93"},"modified":"2022-02-14T14:51:17","modified_gmt":"2022-02-14T13:51:17","slug":"wielofunkcyjny-zegarek-meski-dc","status":"publish","type":"product","link":"https:\/\/sklep-demo.zse-2.krakow.pl\/index.php\/produkt\/wielofunkcyjny-zegarek-meski-dc\/","title":{"rendered":"Wielofunkcyjny zegarek m\u0119ski DC"},"content":{"rendered":"<p>Wielofunkcyjny zegarek m\u0119ski idealny jako prezent na walentynki lub urodziny. Posiada wiele przydatnych funkcji. Wykonany jest z najlepszej jako\u015bci materia\u0142\u00f3w.<\/p>\n<p>&nbsp;<\/p>\n<p>https:\/\/pixabay.com\/pl\/photos\/czas-zegar-zegarek-na-r%c4%99k%c4%99-3091031\/<\/p>\n<p>Dorian Czech<\/p>\n","protected":false},"excerpt":{"rendered":"<p>Wielofunkcyjny zegarek m\u0119ski idealny jako prezent na walentynki lub urodziny.<\/p>\n","protected":false},"featured_media":94,"comment_status":"open","ping_status":"closed","template":"","meta":[],"product_brand":[],"product_cat":[27],"product_tag":[],"class_list":{"0":"post-93","1":"product","2":"type-product","3":"status-publish","4":"has-post-thumbnail","6":"product_cat-zegarki","8":"first","9":"instock","10":"shipping-taxable","11":"purchasable","12":"product-type-simple"},"_links":{"self":[{"href":"https:\/\/sklep-demo.zse-2.krakow.pl\/index.php\/wp-json\/wp\/v2\/product\/93","targetHints":{"allow":["GET"]}}],"collection":[{"href":"https:\/\/sklep-demo.zse-2.krakow.pl\/index.php\/wp-json\/wp\/v2\/product"}],"about":[{"href":"https:\/\/sklep-demo.zse-2.krakow.pl\/index.php\/wp-json\/wp\/v2\/types\/product"}],"replies":[{"embeddable":true,"href":"https:\/\/sklep-demo.zse-2.krakow.pl\/index.php\/wp-json\/wp\/v2\/comments?post=93"}],"wp:featuredmedia":[{"embeddable":true,"href":"https:\/\/sklep-demo.zse-2.krakow.pl\/index.php\/wp-json\/wp\/v2\/media\/94"}],"wp:attachment":[{"href":"https:\/\/sklep-demo.zse-2.krakow.pl\/index.php\/wp-json\/wp\/v2\/media?parent=93"}],"wp:term":[{"taxonomy":"product_brand","embeddable":true,"href":"https:\/\/sklep-demo.zse-2.krakow.pl\/index.php\/wp-json\/wp\/v2\/product_brand?post=93"},{"taxonomy":"product_cat","embeddable":true,"href":"https:\/\/sklep-demo.zse-2.krakow.pl\/index.php\/wp-json\/wp\/v2\/product_cat?post=93"},{"taxonomy":"product_tag","embeddable":true,"href":"https:\/\/sklep-demo.zse-2.krakow.pl\/index.php\/wp-json\/wp\/v2\/product_tag?post=93"}],"curies":[{"name":"wp","href":"https:\/\/api.w.org\/{rel}","templated":true}]}}